{"id":9,"date":"2025-10-24T10:51:28","date_gmt":"2025-10-24T10:51:28","guid":{"rendered":"https:\/\/jbarcelona.mkgv1.com.es\/jbarcelonawp\/?page_id=9"},"modified":"2025-11-19T08:35:17","modified_gmt":"2025-11-19T08:35:17","slug":"acerca-de","status":"publish","type":"page","link":"https:\/\/jbarcelona.mkgv1.com.es\/jbarcelonawp\/?page_id=9","title":{"rendered":"Acerca de"},"content":{"rendered":"\n<h2 class=\"wp-block-heading has-large-font-size\" id=\"inspiro-is-a-digital-product-agency-that-focuses-on-strategy-and-design\" style=\"font-style:normal;font-weight:100\">Bienvenido a <strong>Rutas del Mundo<\/strong>, un rinc\u00f3n para los curiosos y los que aman perderse por ah\u00ed.<br>Aqu\u00ed no hablamos de coches ni de autobuses, sino de <em>personas, sabores, palabras y lugares que te hacen sentir algo diferente<\/em>.<\/h2>\n\n\n\n<p>Cada pa\u00eds tiene una historia que contar, una receta que probar y una costumbre que te hace pensar: \u201c\u00a1qu\u00e9 interesante!\u201d.<br>En este viaje virtual vamos descubriendo el planeta poco a poco \u2014 desde un mercado en Marrakech hasta una cafeter\u00eda escondida en Lisboa.<\/p>\n\n\n\n<p>Explora las secciones, aprende algo nuevo y d\u00e9jate inspirar para tu pr\u00f3xima aventura.<br>Porque viajar no siempre significa moverse: a veces basta con abrir una p\u00e1gina y dejarse llevar.<\/p>\n\n\n\n<div style=\"height:100px\" aria-hidden=\"true\" class=\"wp-block-spacer\"><\/div>\n\n\n\n<div class=\"wp-block-cover alignfull\" style=\"padding-top:50px;padding-right:50px;padding-bottom:50px;padding-left:50px;min-height:316px;aspect-ratio:unset;\"><span aria-hidden=\"true\" class=\"wp-block-cover__background has-black-background-color has-background-dim-100 has-background-dim\"><\/span><div class=\"wp-block-cover__inner-container is-layout-flow wp-block-cover-is-layout-flow\">\n<div class=\"wp-block-columns are-vertically-aligned-center is-layout-flex wp-container-core-columns-is-layout-28f84493 wp-block-columns-is-layout-flex\">\n<div class=\"wp-block-column is-vertically-aligned-center is-layout-flow wp-block-column-is-layout-flow\" style=\"padding-top:20px;padding-right:0px;padding-bottom:20px;padding-left:0px\">\n<div class=\"wp-block-group is-content-justification-space-between is-nowrap is-layout-flex wp-container-core-group-is-layout-bb3dfb5c wp-block-group-is-layout-flex\">\n<figure class=\"wp-block-image size-full\"><img decoding=\"async\" src=\"https:\/\/jbarcelona.mkgv1.com.es\/jbarcelonawp\/wp-content\/themes\/inspiro\/assets\/images\/laurel_left.png\" alt=\"\"\/><\/figure>\n\n\n\n<div class=\"wp-block-group is-layout-flow wp-block-group-is-layout-flow\">\n<p class=\"has-text-align-center has-white-color has-text-color\" style=\"font-size:clamp(14px, 0.875rem + ((1vw - 3.2px) * 0.354), 18px);line-height:1\"><strong>\u00abMejor pel\u00edcula\u00bb<br><\/strong>Ganador<\/p>\n<\/div>\n\n\n\n<figure class=\"wp-block-image size-full\"><img decoding=\"async\" src=\"https:\/\/jbarcelona.mkgv1.com.es\/jbarcelonawp\/wp-content\/themes\/inspiro\/assets\/images\/laurel_right.png\" alt=\"\"\/><\/figure>\n<\/div>\n<\/div>\n\n\n\n<div class=\"wp-block-column is-vertically-aligned-center is-layout-flow wp-block-column-is-layout-flow\" style=\"padding-top:20px;padding-right:0px;padding-bottom:20px;padding-left:0px\">\n<div class=\"wp-block-group is-content-justification-space-between is-nowrap is-layout-flex wp-container-core-group-is-layout-bb3dfb5c wp-block-group-is-layout-flex\">\n<figure class=\"wp-block-image size-full\"><img decoding=\"async\" src=\"https:\/\/jbarcelona.mkgv1.com.es\/jbarcelonawp\/wp-content\/themes\/inspiro\/assets\/images\/laurel_left.png\" alt=\"\"\/><\/figure>\n\n\n\n<div class=\"wp-block-group is-layout-flow wp-block-group-is-layout-flow\">\n<p class=\"has-text-align-center has-white-color has-text-color\" style=\"font-size:clamp(14px, 0.875rem + ((1vw - 3.2px) * 0.354), 18px);line-height:1\"><strong>\u00abNuevo festival de cine\u00bb<\/strong><br>Ganador<\/p>\n<\/div>\n\n\n\n<figure class=\"wp-block-image size-full\"><img decoding=\"async\" src=\"https:\/\/jbarcelona.mkgv1.com.es\/jbarcelonawp\/wp-content\/themes\/inspiro\/assets\/images\/laurel_right.png\" alt=\"\"\/><\/figure>\n<\/div>\n<\/div>\n\n\n\n<div class=\"wp-block-column is-vertically-aligned-center is-layout-flow wp-block-column-is-layout-flow\" style=\"padding-top:20px;padding-right:0px;padding-bottom:20px;padding-left:0px\">\n<div class=\"wp-block-group is-content-justification-space-between is-nowrap is-layout-flex wp-container-core-group-is-layout-bb3dfb5c wp-block-group-is-layout-flex\">\n<figure class=\"wp-block-image size-full\"><img decoding=\"async\" src=\"https:\/\/jbarcelona.mkgv1.com.es\/jbarcelonawp\/wp-content\/themes\/inspiro\/assets\/images\/laurel_left.png\" alt=\"\"\/><\/figure>\n\n\n\n<div class=\"wp-block-group is-layout-flow wp-block-group-is-layout-flow\">\n<p class=\"has-text-align-center has-white-color has-text-color\" style=\"font-size:clamp(14px, 0.875rem + ((1vw - 3.2px) * 0.354), 18px);line-height:1\"><strong>\u00abMejor corto\u00bb<\/strong><br>Ganador<\/p>\n<\/div>\n\n\n\n<figure class=\"wp-block-image size-full\"><img decoding=\"async\" src=\"https:\/\/jbarcelona.mkgv1.com.es\/jbarcelonawp\/wp-content\/themes\/inspiro\/assets\/images\/laurel_right.png\" alt=\"\"\/><\/figure>\n<\/div>\n<\/div>\n<\/div>\n<\/div><\/div>\n\n\n\n<p><\/p>\n","protected":false},"excerpt":{"rendered":"<p>Bienvenido a Rutas del Mundo, un rinc\u00f3n para los curiosos y los que aman perderse por ah\u00ed.Aqu\u00ed no hablamos de coches ni de autobuses, sino de personas, sabores, palabras y lugares que te hacen sentir algo diferente. Cada pa\u00eds tiene una historia que contar, una receta que probar y una costumbre que te hace pensar: &hellip; <\/p>\n<p class=\"link-more\"><a href=\"https:\/\/jbarcelona.mkgv1.com.es\/jbarcelonawp\/?page_id=9\" class=\"more-link\">Leer m\u00e1s<span class=\"screen-reader-text\"> \u00abAcerca de\u00bb<\/span><\/a><\/p>\n","protected":false},"author":1,"featured_media":6,"parent":0,"menu_order":0,"comment_status":"closed","ping_status":"closed","template":"","meta":{"footnotes":""},"class_list":["post-9","page","type-page","status-publish","has-post-thumbnail","hentry"],"_links":{"self":[{"href":"https:\/\/jbarcelona.mkgv1.com.es\/jbarcelonawp\/index.php?rest_route=\/wp\/v2\/pages\/9","targetHints":{"allow":["GET"]}}],"collection":[{"href":"https:\/\/jbarcelona.mkgv1.com.es\/jbarcelonawp\/index.php?rest_route=\/wp\/v2\/pages"}],"about":[{"href":"https:\/\/jbarcelona.mkgv1.com.es\/jbarcelonawp\/index.php?rest_route=\/wp\/v2\/types\/page"}],"author":[{"embeddable":true,"href":"https:\/\/jbarcelona.mkgv1.com.es\/jbarcelonawp\/index.php?rest_route=\/wp\/v2\/users\/1"}],"replies":[{"embeddable":true,"href":"https:\/\/jbarcelona.mkgv1.com.es\/jbarcelonawp\/index.php?rest_route=%2Fwp%2Fv2%2Fcomments&post=9"}],"version-history":[{"count":3,"href":"https:\/\/jbarcelona.mkgv1.com.es\/jbarcelonawp\/index.php?rest_route=\/wp\/v2\/pages\/9\/revisions"}],"predecessor-version":[{"id":144,"href":"https:\/\/jbarcelona.mkgv1.com.es\/jbarcelonawp\/index.php?rest_route=\/wp\/v2\/pages\/9\/revisions\/144"}],"wp:featuredmedia":[{"embeddable":true,"href":"https:\/\/jbarcelona.mkgv1.com.es\/jbarcelonawp\/index.php?rest_route=\/wp\/v2\/media\/6"}],"wp:attachment":[{"href":"https:\/\/jbarcelona.mkgv1.com.es\/jbarcelonawp\/index.php?rest_route=%2Fwp%2Fv2%2Fmedia&parent=9"}],"curies":[{"name":"wp","href":"https:\/\/api.w.org\/{rel}","templated":true}]}}